{"id":2,"date":"2026-01-16T11:13:21","date_gmt":"2026-01-16T11:13:21","guid":{"rendered":"http:\/\/www.karlstadkattpensionat.se\/?page_id=2"},"modified":"2026-02-19T16:44:52","modified_gmt":"2026-02-19T16:44:52","slug":"sample-page","status":"publish","type":"page","link":"https:\/\/www.karlstadkattpensionat.se\/","title":{"rendered":"Kattpensionat"},"content":{"rendered":"\t\t<div data-elementor-type=\"wp-page\" data-elementor-id=\"2\" class=\"elementor elementor-2\">\n\t\t\t\t<div class=\"elementor-element elementor-element-761533f e-flex e-con-boxed e-con e-parent\" data-id=\"761533f\" data-element_type=\"container\">\n\t\t\t\t\t<div class=\"e-con-inner\">\n\t\t\t\t<div class=\"elementor-element elementor-element-eb49f7f elementor-widget elementor-widget-image\" data-id=\"eb49f7f\" data-element_type=\"widget\" data-widget_type=\"image.default\">\n\t\t\t\t\t\t\t\t\t\t\t\t\t\t\t<img fetchpriority=\"high\" decoding=\"async\" width=\"768\" height=\"228\" src=\"http:\/\/www.karlstadkattpensionat.se\/wp-content\/uploads\/2026\/01\/616099869_1477798221015358_692133547383409551_n-768x228.jpg\" class=\"attachment-medium_large size-medium_large wp-image-37\" alt=\"\" srcset=\"http:\/\/www.karlstadkattpensionat.se\/wp-content\/uploads\/2026\/01\/616099869_1477798221015358_692133547383409551_n-768x228.jpg 768w, http:\/\/www.karlstadkattpensionat.se\/wp-content\/uploads\/2026\/01\/616099869_1477798221015358_692133547383409551_n-300x89.jpg 300w, http:\/\/www.karlstadkattpensionat.se\/wp-content\/uploads\/2026\/01\/616099869_1477798221015358_692133547383409551_n-1024x303.jpg 1024w, http:\/\/www.karlstadkattpensionat.se\/wp-content\/uploads\/2026\/01\/616099869_1477798221015358_692133547383409551_n.jpg 1536w\" sizes=\"(max-width: 768px) 100vw, 768px\" \/>\t\t\t\t\t\t\t\t\t\t\t\t\t\t\t<\/div>\n\t\t\t\t\t<\/div>\n\t\t\t\t<\/div>\n\t\t<div class=\"elementor-element elementor-element-4fe3aeb e-flex e-con-boxed e-con e-parent\" data-id=\"4fe3aeb\" data-element_type=\"container\">\n\t\t\t\t\t<div class=\"e-con-inner\">\n\t\t\t\t<div class=\"elementor-element elementor-element-11aff1d elementor-button-info elementor-align-center elementor-widget elementor-widget-button\" data-id=\"11aff1d\" data-element_type=\"widget\" data-widget_type=\"button.default\">\n\t\t\t\t\t\t\t\t\t\t<a class=\"elementor-button elementor-button-link elementor-size-sm\" href=\"http:\/\/www.kkhh.se\">\n\t\t\t\t\t\t<span class=\"elementor-button-content-wrapper\">\n\t\t\t\t\t\t\t\t\t<span class=\"elementor-button-text\">L\u00e5s Mer<\/span>\n\t\t\t\t\t<\/span>\n\t\t\t\t\t<\/a>\n\t\t\t\t\t\t\t\t<\/div>\n\t\t\t\t<div class=\"elementor-element elementor-element-7a35918 elementor-widget elementor-widget-text-editor\" data-id=\"7a35918\" data-element_type=\"widget\" data-widget_type=\"text-editor.default\">\n\t\t\t\t\t\t\t\t\t<h2 style=\"text-align: center;\" data-start=\"185\" data-end=\"252\"><span style=\"color: #000000;\">Kattpensionat n\u00e4ra Karlstad \u2013 l\u00e4tt att hitta och enkel parkering<\/span><\/h2><p style=\"text-align: center;\" data-start=\"254\" data-end=\"492\"><span style=\"color: #000000;\">Bor du i Karlstad och letar efter ett kattpensionat n\u00e4ra Karlstad \u00e4r Karlskoga Katthotell ett smidigt och uppskattat alternativ. Vi ligger i Karlskoga och \u00e4r ett av de n\u00e4rmaste fullservice-katthotellen f\u00f6r katt\u00e4gare i Karlstad med omnejd.<\/span><\/p><p style=\"text-align: center;\" data-start=\"494\" data-end=\"647\"><span style=\"color: #000000;\">V\u00e5r anl\u00e4ggning \u00e4r l\u00e4tt att hitta, tydligt skyltad och har parkering direkt utanf\u00f6r, vilket g\u00f6r b\u00e5de l\u00e4mning och h\u00e4mtning av din katt enkel och stressfri.<\/span><\/p><hr \/><h4 style=\"text-align: center;\"><span style=\"color: #000000;\"><strong>Nedan hittar du v\u00e5ra priser f\u00f6r kattpensionat i Karlskoga \u2013 ett praktiskt val f\u00f6r katt\u00e4gare i Karlstad.<\/strong><\/span><\/h4><p style=\"text-align: center;\"><strong><span style=\"color: #000000;\">1 katt i ett rum\u00a0 349kr per natt<\/span><\/strong><br \/><strong><span style=\"color: #000000;\">1 katt-rum &amp; uteplats 399kr natt<\/span><\/strong><\/p><p style=\"text-align: center;\"><strong><span style=\"color: #000000;\">2 katter i ett rum\u00a0 449kr per natt<\/span><\/strong><br \/><strong><span style=\"color: #000000;\">2 katter rum &amp; uteplats 499kr natt<\/span><\/strong><\/p><p style=\"text-align: center;\"><strong><span style=\"color: #000000;\">3 katter i ett rum \u00a0\u00a0549kr per natt<\/span><\/strong><br \/><strong><span style=\"color: #000000;\">3 katter rum &amp; uteplats 599kr natt<\/span><\/strong><\/p><p style=\"text-align: center;\"><strong><span style=\"color: #000000;\">4 katter i ett rum\u00a0 \u00a0649kr per natt<\/span><\/strong><br \/><strong><span style=\"color: #000000;\">4 katter rum &amp; uteplats 699kr natt<\/span><\/strong><\/p><p style=\"text-align: center;\"><strong><span style=\"color: #000000;\">Rum med kattpatio \u00e4r mycket eftertraktade. Boka g\u00e4rna i f\u00f6rv\u00e4g, eftersom det inte alltid \u00e4r m\u00f6jligt att ordna vid ankomst<\/span><\/strong><\/p><hr \/><h2 style=\"text-align: center;\" data-start=\"649\" data-end=\"716\"><span style=\"color: #000000;\">Mer \u00e4n ett kattpensionat \u2013 kattcaf\u00e9 och kattbutik p\u00e5 samma plats<\/span><\/h2><p style=\"text-align: center;\" data-start=\"718\" data-end=\"799\"><span style=\"color: #000000;\">Karlskoga Katthotell \u00e4r mer \u00e4n bara ett kattpensionat n\u00e4ra Karlstad. P\u00e5 samma plats finns \u00e4ven:<\/span><\/p><p style=\"text-align: center;\" data-start=\"801\" data-end=\"835\"><span style=\"color: #000000;\">Ett kattcaf\u00e9, v\u00e4lk\u00e4nt i regionen<\/span><\/p><p style=\"text-align: center;\" data-start=\"837\" data-end=\"894\"><span style=\"color: #000000;\">En kattbutik med kattrelaterade produkter och presenter<\/span><\/p><p style=\"text-align: center;\" data-start=\"896\" data-end=\"951\"><span style=\"color: #000000;\">En lugn och etablerad milj\u00f6 med fullt fokus p\u00e5 katter<\/span><\/p><p style=\"text-align: center;\" data-start=\"953\" data-end=\"1067\"><span style=\"color: #000000;\">Det g\u00f6r bes\u00f6ket enkelt att planera och ger trygghet i att allt sk\u00f6ts av personer som arbetar med katter varje dag.<\/span><\/p><h2 style=\"text-align: center;\" data-start=\"1069\" data-end=\"1112\"><span style=\"color: #000000;\">Ett bekv\u00e4mt val f\u00f6r katt\u00e4gare i Karlstad<\/span><\/h2><p style=\"text-align: center;\" data-start=\"1114\" data-end=\"1221\"><span style=\"color: #000000;\">M\u00e5nga av v\u00e5ra g\u00e4ster kommer fr\u00e5n Karlstad och n\u00e4rliggande orter. N\u00e4r du v\u00e4ljer Karlskoga Katthotell f\u00e5r du:<\/span><\/p><p style=\"text-align: center;\" data-start=\"1223\" data-end=\"1259\"><span style=\"color: #000000;\">Kort och smidig resa fr\u00e5n Karlstad<\/span><\/p><p style=\"text-align: center;\" data-start=\"1261\" data-end=\"1291\"><span style=\"color: #000000;\">Gratis parkering vid ankomst<\/span><\/p><p style=\"text-align: center;\" data-start=\"1293\" data-end=\"1331\"><span style=\"color: #000000;\">Tydliga rutiner och erfaren personal<\/span><\/p><p style=\"text-align: center;\" data-start=\"1333\" data-end=\"1391\"><span style=\"color: #000000;\">En trygg och lugn milj\u00f6 anpassad efter kattens v\u00e4lm\u00e5ende<\/span><\/p><p style=\"text-align: center;\" data-start=\"1393\" data-end=\"1526\"><span style=\"color: #000000;\">S\u00f6ker du kattpensionat n\u00e4ra Karlstad eller katthotell i n\u00e4rheten av Karlstad \u00e4r Karlskoga Katthotell ett praktiskt och p\u00e5litligt val.<\/span><\/p>\t\t\t\t\t\t\t\t<\/div>\n\t\t\t\t\t<\/div>\n\t\t\t\t<\/div>\n\t\t<div class=\"elementor-element elementor-element-1e291e7 e-flex e-con-boxed e-con e-parent\" data-id=\"1e291e7\" data-element_type=\"container\">\n\t\t\t\t\t<div class=\"e-con-inner\">\n\t\t\t\t<div class=\"elementor-element elementor-element-992579d elementor-button-info elementor-align-center elementor-widget elementor-widget-button\" data-id=\"992579d\" data-element_type=\"widget\" data-widget_type=\"button.default\">\n\t\t\t\t\t\t\t\t\t\t<a class=\"elementor-button elementor-button-link elementor-size-sm\" href=\"https:\/\/www.kkhh.se\/boka\/\">\n\t\t\t\t\t\t<span class=\"elementor-button-content-wrapper\">\n\t\t\t\t\t\t\t\t\t<span class=\"elementor-button-text\">Boka plats<\/span>\n\t\t\t\t\t<\/span>\n\t\t\t\t\t<\/a>\n\t\t\t\t\t\t\t\t<\/div>\n\t\t<div class=\"elementor-element elementor-element-08463ee e-con-full e-flex e-con e-child\" data-id=\"08463ee\" data-element_type=\"container\">\n\t\t<div class=\"elementor-element elementor-element-46b0104 e-grid e-con-full e-con e-child\" data-id=\"46b0104\" data-element_type=\"container\">\n\t\t\t\t<div class=\"elementor-element elementor-element-aadd244 elementor-widget elementor-widget-text-editor\" data-id=\"aadd244\" data-element_type=\"widget\" data-widget_type=\"text-editor.default\">\n\t\t\t\t\t\t\t\t\t<p>\u2b50\u2b50\u2b50\u2b50\u2b50<br data-start=\"156\" data-end=\"159\" \/><span style=\"color: #000000;\">Vi bor i Karlstad och letade efter ett lugnt och seri\u00f6st kattpensionat. Karlskoga Katthotell var enkelt att hitta, parkering precis utanf\u00f6r och ett v\u00e4ldigt professionellt intryck. V\u00e5r katt verkade trygg och lugn vid h\u00e4mtning.<\/span><\/p>\t\t\t\t\t\t\t\t<\/div>\n\t\t\t\t<div class=\"elementor-element elementor-element-25ecd39 elementor-widget elementor-widget-text-editor\" data-id=\"25ecd39\" data-element_type=\"widget\" data-widget_type=\"text-editor.default\">\n\t\t\t\t\t\t\t\t\t<p>\u2b50\u2b50\u2b50\u2b50\u2b50<br data-start=\"661\" data-end=\"664\" \/><span style=\"color: #000000;\">Ett mycket v\u00e4lsk\u00f6tt kattpensionat n\u00e4ra Karlstad. Tydliga rutiner, bra kommunikation och en milj\u00f6 som verkligen k\u00e4nns anpassad f\u00f6r katter. Att det \u00e4ven finns kattcaf\u00e9 och kattbutik p\u00e5 plats \u00e4r ett extra plus.<\/span><\/p>\t\t\t\t\t\t\t\t<\/div>\n\t\t\t\t<div class=\"elementor-element elementor-element-16d783b elementor-widget elementor-widget-text-editor\" data-id=\"16d783b\" data-element_type=\"widget\" data-widget_type=\"text-editor.default\">\n\t\t\t\t\t\t\t\t\t<p>\u2b50\u2b50\u2b50\u2b50\u2b50<br data-start=\"1093\" data-end=\"1096\" \/><span style=\"color: #000000;\">Resan fr\u00e5n Karlstad var smidig och det var l\u00e4tt att l\u00e4mna katten tack vare parkering direkt vid entr\u00e9n. Personalen \u00e4r erfaren och engagerad, och man m\u00e4rker att kattens v\u00e4lm\u00e5ende st\u00e5r i fokus.<\/span><\/p>\t\t\t\t\t\t\t\t<\/div>\n\t\t\t\t<\/div>\n\t\t\t\t<\/div>\n\t\t\t\t<div class=\"elementor-element elementor-element-7a9cb50 elementor-widget elementor-widget-text-editor\" data-id=\"7a9cb50\" data-element_type=\"widget\" data-widget_type=\"text-editor.default\">\n\t\t\t\t\t\t\t\t\t<h5 style=\"text-align: center;\"><span style=\"color: #000000;\"><strong>Karlskoga Katthotell &amp; Butik<\/strong><\/span><br \/><span style=\"color: #000000;\"><strong>Norav\u00e4gen 186<\/strong><\/span><br \/><span style=\"color: #000000;\"><strong>691 54 Karlskoga<\/strong><\/span><br \/><span style=\"color: #000000;\"><strong>072 728 1240<\/strong><\/span><br \/><strong><a href=\"mailto:katthotell@telia.com\" target=\"_blank\" rel=\"noopener\">katthotell@telia.com<\/a><br \/><\/strong><br \/><strong><a href=\"http:\/\/www.kattbutiken.com\/\" target=\"_blank\" rel=\"noopener\">www.kattbutiken.com<\/a><br \/><a href=\"http:\/\/www.thecatcafe.se\" target=\"_blank\" rel=\"noopener\">www.kattcafe.se<\/a><br \/><a href=\"http:\/\/www.kit-cat.se\" target=\"_blank\" rel=\"noopener\">www.kit-cat.se<\/a><\/strong><\/h5>\t\t\t\t\t\t\t\t<\/div>\n\t\t\t\t\t<\/div>\n\t\t\t\t<\/div>\n\t\t\t\t<\/div>\n\t\t","protected":false},"excerpt":{"rendered":"<p>L\u00e5s Mer Kattpensionat n\u00e4ra Karlstad \u2013 l\u00e4tt att hitta och enkel parkering Bor du i Karlstad och letar efter ett kattpensionat n\u00e4ra Karlstad \u00e4r Karlskoga Katthotell ett smidigt och uppskattat alternativ. Vi ligger i Karlskoga och \u00e4r ett av de n\u00e4rmaste fullservice-katthotellen f\u00f6r katt\u00e4gare i Karlstad med omnejd. V\u00e5r anl\u00e4ggning \u00e4r l\u00e4tt att hitta, tydligt [&hellip;]<\/p>\n","protected":false},"author":1,"featured_media":0,"parent":0,"menu_order":0,"comment_status":"closed","ping_status":"open","template":"","meta":{"footnotes":""},"class_list":["post-2","page","type-page","status-publish","hentry"],"_links":{"self":[{"href":"https:\/\/www.karlstadkattpensionat.se\/index.php?rest_route=\/wp\/v2\/pages\/2","targetHints":{"allow":["GET"]}}],"collection":[{"href":"https:\/\/www.karlstadkattpensionat.se\/index.php?rest_route=\/wp\/v2\/pages"}],"about":[{"href":"https:\/\/www.karlstadkattpensionat.se\/index.php?rest_route=\/wp\/v2\/types\/page"}],"author":[{"embeddable":true,"href":"https:\/\/www.karlstadkattpensionat.se\/index.php?rest_route=\/wp\/v2\/users\/1"}],"replies":[{"embeddable":true,"href":"https:\/\/www.karlstadkattpensionat.se\/index.php?rest_route=%2Fwp%2Fv2%2Fcomments&post=2"}],"version-history":[{"count":38,"href":"https:\/\/www.karlstadkattpensionat.se\/index.php?rest_route=\/wp\/v2\/pages\/2\/revisions"}],"predecessor-version":[{"id":79,"href":"https:\/\/www.karlstadkattpensionat.se\/index.php?rest_route=\/wp\/v2\/pages\/2\/revisions\/79"}],"wp:attachment":[{"href":"https:\/\/www.karlstadkattpensionat.se\/index.php?rest_route=%2Fwp%2Fv2%2Fmedia&parent=2"}],"curies":[{"name":"wp","href":"https:\/\/api.w.org\/{rel}","templated":true}]}}